{"id":281,"date":"2024-11-20T20:13:54","date_gmt":"2024-11-20T20:13:54","guid":{"rendered":"http:\/\/swiadectwa-energia.pl\/?page_id=281"},"modified":"2024-11-20T20:37:09","modified_gmt":"2024-11-20T20:37:09","slug":"o-nas","status":"publish","type":"page","link":"https:\/\/swiadectwa-energia.pl\/index.php\/o-nas\/","title":{"rendered":"O NAS"},"content":{"rendered":"\n<p><strong>specjalistyczne doradztwo energetyczne<\/strong><\/p>\n\n\n\n<div class=\"wp-block-columns is-layout-flex wp-container-core-columns-is-layout-28f84493 wp-block-columns-is-layout-flex\" style=\"border-radius:500px\">\n<div class=\"wp-block-column is-layout-flow wp-block-column-is-layout-flow\" style=\"flex-basis:50%\">\n<figure class=\"wp-block-image size-large is-style-rounded\"><img loading=\"lazy\" decoding=\"async\" width=\"1024\" height=\"682\" src=\"http:\/\/swiadectwa-energia.pl\/wp-content\/uploads\/2024\/11\/office-2360063_1280-3-1024x682.jpg\" alt=\"\" class=\"wp-image-291\" srcset=\"https:\/\/swiadectwa-energia.pl\/wp-content\/uploads\/2024\/11\/office-2360063_1280-3-1024x682.jpg 1024w, https:\/\/swiadectwa-energia.pl\/wp-content\/uploads\/2024\/11\/office-2360063_1280-3-300x200.jpg 300w, https:\/\/swiadectwa-energia.pl\/wp-content\/uploads\/2024\/11\/office-2360063_1280-3-768x512.jpg 768w, https:\/\/swiadectwa-energia.pl\/wp-content\/uploads\/2024\/11\/office-2360063_1280-3.jpg 1280w\" sizes=\"auto, (max-width: 1024px) 100vw, 1024px\" \/><\/figure>\n<\/div>\n\n\n\n<div class=\"wp-block-column is-layout-flow wp-block-column-is-layout-flow\" style=\"flex-basis:50%\">\n<p><\/p>\n\n\n\n<p><strong>jeste\u015bmy zespo\u0142em wykwalifikowanych ekspert\u00f3w, audytor\u00f3w ZAE, posiadaj\u0105cych uprawnienia do wykonywania \u015bwiadectw charakterystyki enrgetycznej budynk\u00f3w. jako absolwenci politechnik wspieramy pa\u0144stwa nasz\u0105 wiedz\u0105 oraz do\u015bwiadczeniem ju\u017c od 2018 roku. <\/strong><\/p>\n<\/div>\n<\/div>\n\n\n\n<div class=\"wp-block-columns is-layout-flex wp-container-core-columns-is-layout-28f84493 wp-block-columns-is-layout-flex\">\n<div class=\"wp-block-column is-layout-flow wp-block-column-is-layout-flow\">\n<p><strong>Dzi\u0119ki za\u0142o\u017ceniom polityki firmy gwarantujemy pa\u0144stwu dob\u00f3r  najlepszych indywidualnych rozwi\u0105za\u0144.<\/strong><\/p>\n<\/div>\n\n\n\n<div class=\"wp-block-column is-layout-flow wp-block-column-is-layout-flow\">\n<figure class=\"wp-block-image size-large has-custom-border\"><img loading=\"lazy\" decoding=\"async\" width=\"1024\" height=\"682\" src=\"http:\/\/swiadectwa-energia.pl\/wp-content\/uploads\/2024\/11\/the-energy-tower-5322105_1280-1024x682.jpg\" alt=\"\" class=\"wp-image-292\" style=\"border-radius:500px\" srcset=\"https:\/\/swiadectwa-energia.pl\/wp-content\/uploads\/2024\/11\/the-energy-tower-5322105_1280-1024x682.jpg 1024w, https:\/\/swiadectwa-energia.pl\/wp-content\/uploads\/2024\/11\/the-energy-tower-5322105_1280-300x200.jpg 300w, https:\/\/swiadectwa-energia.pl\/wp-content\/uploads\/2024\/11\/the-energy-tower-5322105_1280-768x512.jpg 768w, https:\/\/swiadectwa-energia.pl\/wp-content\/uploads\/2024\/11\/the-energy-tower-5322105_1280.jpg 1280w\" sizes=\"auto, (max-width: 1024px) 100vw, 1024px\" \/><\/figure>\n<\/div>\n<\/div>\n\n\n\n<div class=\"wp-block-columns is-layout-flex wp-container-core-columns-is-layout-28f84493 wp-block-columns-is-layout-flex\">\n<div class=\"wp-block-column is-layout-flow wp-block-column-is-layout-flow\">\n<figure class=\"wp-block-image size-large is-resized has-custom-border\"><img loading=\"lazy\" decoding=\"async\" width=\"891\" height=\"668\" src=\"http:\/\/swiadectwa-energia.pl\/wp-content\/uploads\/2024\/11\/pinwheel-5445451_1280-edited.jpg\" alt=\"\" class=\"wp-image-297\" style=\"border-radius:500px;width:413px;height:auto\" srcset=\"https:\/\/swiadectwa-energia.pl\/wp-content\/uploads\/2024\/11\/pinwheel-5445451_1280-edited.jpg 891w, https:\/\/swiadectwa-energia.pl\/wp-content\/uploads\/2024\/11\/pinwheel-5445451_1280-edited-300x225.jpg 300w, https:\/\/swiadectwa-energia.pl\/wp-content\/uploads\/2024\/11\/pinwheel-5445451_1280-edited-768x576.jpg 768w\" sizes=\"auto, (max-width: 891px) 100vw, 891px\" \/><\/figure>\n<\/div>\n\n\n\n<div class=\"wp-block-column is-layout-flow wp-block-column-is-layout-flow\">\n<p><strong>korzystamy tylko z wysokiej jako\u015bci oprogramowania, opieraj\u0105c si\u0119 na szczeg\u00f3\u0142owych wyliczeniach wskazujemy w naszych audytach konkretne rozwi\u0105zania, doprowadzaj\u0105ce do realnych oszcz\u0119dno\u015bci. <\/strong><\/p>\n<\/div>\n<\/div>\n","protected":false},"excerpt":{"rendered":"<p>specjalistyczne doradztwo energetyczne jeste\u015bmy zespo\u0142em wykwalifikowanych ekspert\u00f3w, audytor\u00f3w ZAE, posiadaj\u0105cych uprawnienia do wykonywania \u015bwiadectw charakterystyki enrgetycznej budynk\u00f3w. jako absolwenci politechnik wspieramy pa\u0144stwa nasz\u0105 wiedz\u0105 oraz do\u015bwiadczeniem ju\u017c od 2018 roku. Dzi\u0119ki za\u0142o\u017ceniom polityki firmy gwarantujemy pa\u0144stwu dob\u00f3r najlepszych indywidualnych rozwi\u0105za\u0144. korzystamy tylko z wysokiej jako\u015bci oprogramowania, opieraj\u0105c si\u0119 na szczeg\u00f3\u0142owych wyliczeniach wskazujemy w naszych audytach [&hellip;]<\/p>\n","protected":false},"author":1,"featured_media":0,"parent":0,"menu_order":0,"comment_status":"closed","ping_status":"closed","template":"","meta":{"footnotes":""},"class_list":["post-281","page","type-page","status-publish","hentry"],"blocksy_meta":[],"_links":{"self":[{"href":"https:\/\/swiadectwa-energia.pl\/index.php\/wp-json\/wp\/v2\/pages\/281","targetHints":{"allow":["GET"]}}],"collection":[{"href":"https:\/\/swiadectwa-energia.pl\/index.php\/wp-json\/wp\/v2\/pages"}],"about":[{"href":"https:\/\/swiadectwa-energia.pl\/index.php\/wp-json\/wp\/v2\/types\/page"}],"author":[{"embeddable":true,"href":"https:\/\/swiadectwa-energia.pl\/index.php\/wp-json\/wp\/v2\/users\/1"}],"replies":[{"embeddable":true,"href":"https:\/\/swiadectwa-energia.pl\/index.php\/wp-json\/wp\/v2\/comments?post=281"}],"version-history":[{"count":10,"href":"https:\/\/swiadectwa-energia.pl\/index.php\/wp-json\/wp\/v2\/pages\/281\/revisions"}],"predecessor-version":[{"id":300,"href":"https:\/\/swiadectwa-energia.pl\/index.php\/wp-json\/wp\/v2\/pages\/281\/revisions\/300"}],"wp:attachment":[{"href":"https:\/\/swiadectwa-energia.pl\/index.php\/wp-json\/wp\/v2\/media?parent=281"}],"curies":[{"name":"wp","href":"https:\/\/api.w.org\/{rel}","templated":true}]}}