{"id":301,"date":"2024-11-20T20:41:19","date_gmt":"2024-11-20T20:41:19","guid":{"rendered":"http:\/\/swiadectwa-energia.pl\/?page_id=301"},"modified":"2024-11-20T21:05:44","modified_gmt":"2024-11-20T21:05:44","slug":"swiadectwa-charakterystyki-energetycznej-budynkow-i-lokali","status":"publish","type":"page","link":"https:\/\/swiadectwa-energia.pl\/index.php\/swiadectwa-charakterystyki-energetycznej-budynkow-i-lokali\/","title":{"rendered":"\u015bwiadectwa charakterystyki energetycznej budynk\u00f3w i lokali"},"content":{"rendered":"\n<p>\u015bwiadectwo charakterystyki energetycznej budynku lu lokalu jest to dokument, kt\u00f3ry okre\u015bla wielko\u015b\u0107 zapotrzebowania na energi\u0119 niezb\u0119dn\u0105 do zaspokajania potrzeb zwi\u0105zanych z u\u017cytkowaniem budynku, cz\u0119\u015bci budynku lub lokalu. jest to enrgia zu\u017cyta na potrzeby ogrzewania, wentylacji, przygotowania ciep\u0142ej wody, ch\u0142odzenia, a w przypadku budynk\u00f3w u\u017cyteczno\u015bci publicznej o\u015bwiatlenia.<\/p>\n\n\n\n<div class=\"wp-block-columns is-layout-flex wp-container-core-columns-is-layout-28f84493 wp-block-columns-is-layout-flex\">\n<div class=\"wp-block-column is-layout-flow wp-block-column-is-layout-flow\">\n<figure class=\"wp-block-image size-large\"><img loading=\"lazy\" decoding=\"async\" width=\"1024\" height=\"1024\" src=\"http:\/\/swiadectwa-energia.pl\/wp-content\/uploads\/2024\/11\/rows-colorful-energy-category-1024x1024.jpg\" alt=\"\" class=\"wp-image-116\" srcset=\"https:\/\/swiadectwa-energia.pl\/wp-content\/uploads\/2024\/11\/rows-colorful-energy-category-1024x1024.jpg 1024w, https:\/\/swiadectwa-energia.pl\/wp-content\/uploads\/2024\/11\/rows-colorful-energy-category-300x300.jpg 300w, https:\/\/swiadectwa-energia.pl\/wp-content\/uploads\/2024\/11\/rows-colorful-energy-category-150x150.jpg 150w, https:\/\/swiadectwa-energia.pl\/wp-content\/uploads\/2024\/11\/rows-colorful-energy-category-768x768.jpg 768w, https:\/\/swiadectwa-energia.pl\/wp-content\/uploads\/2024\/11\/rows-colorful-energy-category-1536x1536.jpg 1536w, https:\/\/swiadectwa-energia.pl\/wp-content\/uploads\/2024\/11\/rows-colorful-energy-category-2048x2048.jpg 2048w\" sizes=\"auto, (max-width: 1024px) 100vw, 1024px\" \/><\/figure>\n<\/div>\n\n\n\n<div class=\"wp-block-column is-layout-flow wp-block-column-is-layout-flow\">\n<p><strong>kiedy wymagane jest \u015bwiadectwo energetyczne budynku, cz\u0119\u015bci budynku lub lokalu? <\/strong><\/p>\n\n\n\n<ul class=\"wp-block-list\">\n<li>zbywanie na podstawie umowy sprzeda\u017cy<\/li>\n<\/ul>\n\n\n\n<ul class=\"wp-block-list\">\n<li>zbywanie na podstawie umowy sprzeda\u017cy sp\u00f3\u0142dzielczego w\u0142asno\u015bciowego prawa do lokalu<\/li>\n<\/ul>\n\n\n\n<ul class=\"wp-block-list\">\n<li>wynaj\u0119cie<\/li>\n<\/ul>\n\n\n\n<ul class=\"wp-block-list\">\n<li>za\u0142\u0105cznik do wniosku o zako\u0144czenie budowy<\/li>\n<\/ul>\n<\/div>\n<\/div>\n\n\n\n<div class=\"wp-block-columns is-layout-flex wp-container-core-columns-is-layout-28f84493 wp-block-columns-is-layout-flex\">\n<div class=\"wp-block-column is-layout-flow wp-block-column-is-layout-flow\">\n<p><strong>wa\u017cno\u015b\u0107 \u015bwiadectwa<\/strong><\/p>\n\n\n\n<p>\u015awiadectwo charakterystyki energetycznej jest wa\u017cne przez 10 lat od dnia jego sporz\u0105dzenia. \u015awiadectwa przekazane przed dniem wej\u015bcia w \u017cycie ustawy (28 kwietnia 2023 r.) zachowaj\u0105 wa\u017cno\u015b\u0107 przez okres, na jaki zosta\u0142y sporz\u0105dzone. \u015awiadectwo straci wa\u017cno\u015b\u0107 przed up\u0142ywem tego terminu, je\u017celi zostan\u0105 przeprowadzone roboty budowlano-instalacyjne, w wyniku kt\u00f3rych zmianie ulegnie charakterystyka energetyczna budynku lub cz\u0119\u015bci budynku (np. wymiana okien, wymiana \u017ar\u00f3d\u0142a ciep\u0142a, docieplenie budynku).<\/p>\n<\/div>\n\n\n\n<div class=\"wp-block-column is-layout-flow wp-block-column-is-layout-flow\">\n<figure class=\"wp-block-image aligncenter size-large has-custom-border\"><img loading=\"lazy\" decoding=\"async\" width=\"1024\" height=\"681\" src=\"http:\/\/swiadectwa-energia.pl\/wp-content\/uploads\/2024\/11\/pen-428305_1280-1024x681.jpg\" alt=\"\" class=\"wp-image-168\" style=\"border-radius:500px\" srcset=\"https:\/\/swiadectwa-energia.pl\/wp-content\/uploads\/2024\/11\/pen-428305_1280-1024x681.jpg 1024w, https:\/\/swiadectwa-energia.pl\/wp-content\/uploads\/2024\/11\/pen-428305_1280-300x199.jpg 300w, https:\/\/swiadectwa-energia.pl\/wp-content\/uploads\/2024\/11\/pen-428305_1280-768x511.jpg 768w, https:\/\/swiadectwa-energia.pl\/wp-content\/uploads\/2024\/11\/pen-428305_1280.jpg 1280w\" sizes=\"auto, (max-width: 1024px) 100vw, 1024px\" \/><\/figure>\n<\/div>\n<\/div>\n\n\n\n<div class=\"wp-block-columns is-layout-flex wp-container-core-columns-is-layout-28f84493 wp-block-columns-is-layout-flex\">\n<div class=\"wp-block-column is-layout-flow wp-block-column-is-layout-flow\">\n<figure class=\"wp-block-image size-large has-custom-border\"><img loading=\"lazy\" decoding=\"async\" width=\"1024\" height=\"682\" src=\"http:\/\/swiadectwa-energia.pl\/wp-content\/uploads\/2024\/11\/the-energy-tower-5322105_1280-1024x682.jpg\" alt=\"\" class=\"wp-image-292\" style=\"border-radius:500px\" srcset=\"https:\/\/swiadectwa-energia.pl\/wp-content\/uploads\/2024\/11\/the-energy-tower-5322105_1280-1024x682.jpg 1024w, https:\/\/swiadectwa-energia.pl\/wp-content\/uploads\/2024\/11\/the-energy-tower-5322105_1280-300x200.jpg 300w, https:\/\/swiadectwa-energia.pl\/wp-content\/uploads\/2024\/11\/the-energy-tower-5322105_1280-768x512.jpg 768w, https:\/\/swiadectwa-energia.pl\/wp-content\/uploads\/2024\/11\/the-energy-tower-5322105_1280.jpg 1280w\" sizes=\"auto, (max-width: 1024px) 100vw, 1024px\" \/><\/figure>\n<\/div>\n\n\n\n<div class=\"wp-block-column is-layout-flow wp-block-column-is-layout-flow\">\n<p><strong>Informacje w reklamie<\/strong><br>W przypadku gdy dla budynku lub cz\u0119\u015bci budynku zosta\u0142o sporz\u0105dzone \u015bwiadectwo charakterystyki energetycznej, w og\u0142oszeniu lub reklamie dotycz\u0105cych sprzeda\u017cy lub najmu budynku lub jego cz\u0119\u015bci nale\u017cy podawa\u0107 (od 28 kwietnia 2023 r.):<br>\u2022\u00a0\u00a0 \u00a0wska\u017aniki rocznego zapotrzebowania na energi\u0119 u\u017cytkow\u0105, energi\u0119 ko\u0144cow\u0105, nieodnawialn\u0105 energi\u0119 pierwotn\u0105,<br>\u2022\u00a0\u00a0 \u00a0udzia\u0142 odnawialnych \u017ar\u00f3de\u0142 energii w rocznym zapotrzebowaniu na energi\u0119 ko\u0144cow\u0105,<br>\u2022\u00a0\u00a0 \u00a0jednostkow\u0105 wielko\u015b\u0107 emisji CO<sub>2<\/sub>.<\/p>\n<\/div>\n<\/div>\n\n\n\n<p class=\"has-text-align-center\"><strong>Cena us\u0142ugi ustalana jesy indywidualnie &#8211; skontaktuj si\u0119 z nami<\/strong><\/p>\n","protected":false},"excerpt":{"rendered":"<p>\u015bwiadectwo charakterystyki energetycznej budynku lu lokalu jest to dokument, kt\u00f3ry okre\u015bla wielko\u015b\u0107 zapotrzebowania na energi\u0119 niezb\u0119dn\u0105 do zaspokajania potrzeb zwi\u0105zanych z u\u017cytkowaniem budynku, cz\u0119\u015bci budynku lub lokalu. jest to enrgia zu\u017cyta na potrzeby ogrzewania, wentylacji, przygotowania ciep\u0142ej wody, ch\u0142odzenia, a w przypadku budynk\u00f3w u\u017cyteczno\u015bci publicznej o\u015bwiatlenia. kiedy wymagane jest \u015bwiadectwo energetyczne budynku, cz\u0119\u015bci budynku lub [&hellip;]<\/p>\n","protected":false},"author":1,"featured_media":0,"parent":0,"menu_order":0,"comment_status":"closed","ping_status":"closed","template":"","meta":{"footnotes":""},"class_list":["post-301","page","type-page","status-publish","hentry"],"blocksy_meta":[],"_links":{"self":[{"href":"https:\/\/swiadectwa-energia.pl\/index.php\/wp-json\/wp\/v2\/pages\/301","targetHints":{"allow":["GET"]}}],"collection":[{"href":"https:\/\/swiadectwa-energia.pl\/index.php\/wp-json\/wp\/v2\/pages"}],"about":[{"href":"https:\/\/swiadectwa-energia.pl\/index.php\/wp-json\/wp\/v2\/types\/page"}],"author":[{"embeddable":true,"href":"https:\/\/swiadectwa-energia.pl\/index.php\/wp-json\/wp\/v2\/users\/1"}],"replies":[{"embeddable":true,"href":"https:\/\/swiadectwa-energia.pl\/index.php\/wp-json\/wp\/v2\/comments?post=301"}],"version-history":[{"count":10,"href":"https:\/\/swiadectwa-energia.pl\/index.php\/wp-json\/wp\/v2\/pages\/301\/revisions"}],"predecessor-version":[{"id":304,"href":"https:\/\/swiadectwa-energia.pl\/index.php\/wp-json\/wp\/v2\/pages\/301\/revisions\/304"}],"wp:attachment":[{"href":"https:\/\/swiadectwa-energia.pl\/index.php\/wp-json\/wp\/v2\/media?parent=301"}],"curies":[{"name":"wp","href":"https:\/\/api.w.org\/{rel}","templated":true}]}}