{"id":80,"date":"2024-11-15T18:41:45","date_gmt":"2024-11-15T18:41:45","guid":{"rendered":"http:\/\/swiadectwa-energia.pl\/?page_id=80"},"modified":"2024-11-20T21:44:48","modified_gmt":"2024-11-20T21:44:48","slug":"kontakt","status":"publish","type":"page","link":"https:\/\/swiadectwa-energia.pl\/index.php\/kontakt\/","title":{"rendered":"Kontakt"},"content":{"rendered":"\n<p class=\"has-text-color has-link-color has-large-font-size wp-elements-9d6ea1dd5bd0a7eaca9ee93811d9e5cd\" style=\"color:#122a7e\"><strong>Nasz zesp\u00f3\u0142<\/strong><\/p>\n\n\n\n<div class=\"wp-block-columns is-layout-flex wp-container-core-columns-is-layout-28f84493 wp-block-columns-is-layout-flex\">\n<div class=\"wp-block-column is-layout-flow wp-block-column-is-layout-flow\">\n<figure class=\"wp-block-image size-large has-custom-border\"><img loading=\"lazy\" decoding=\"async\" width=\"1024\" height=\"682\" src=\"http:\/\/swiadectwa-energia.pl\/wp-content\/uploads\/2024\/11\/office-2360063_1280-3-1024x682.jpg\" alt=\"\" class=\"wp-image-291\" style=\"border-radius:500px\" srcset=\"https:\/\/swiadectwa-energia.pl\/wp-content\/uploads\/2024\/11\/office-2360063_1280-3-1024x682.jpg 1024w, https:\/\/swiadectwa-energia.pl\/wp-content\/uploads\/2024\/11\/office-2360063_1280-3-300x200.jpg 300w, https:\/\/swiadectwa-energia.pl\/wp-content\/uploads\/2024\/11\/office-2360063_1280-3-768x512.jpg 768w, https:\/\/swiadectwa-energia.pl\/wp-content\/uploads\/2024\/11\/office-2360063_1280-3.jpg 1280w\" sizes=\"auto, (max-width: 1024px) 100vw, 1024px\" \/><\/figure>\n<\/div>\n\n\n\n<div class=\"wp-block-column is-layout-flow wp-block-column-is-layout-flow\">\n<p><strong>Jeste\u015bmy interdyscyplinarnym zespo\u0142em z\u0142o\u017conym z profesjonalist\u00f3w, absolwent\u00f3w Politechniki Pozna\u0144skiej, kt\u00f3rzy od lat dziel\u0105 si\u0119 z Pa\u0144stwem wiedz\u0105 i do\u015bwiadczeniem. Od 2018 roku posiadamy uprawnienia do sporz\u0105dzania \u015bwiadectw charakterystyki energetycznej, jeste\u015bmy audytorami ZAE, w swoim sk\u0142adzie posiadamy r\u00f3wnie\u017c mi\u0119dzynarodowych audytor\u00f3w system\u00f3w zarz\u0105dzania jako\u015bci\u0105.<\/strong><\/p>\n<\/div>\n<\/div>\n\n\n\n<p class=\"has-text-color has-link-color has-large-font-size wp-elements-b86d16b7a4e94df851e8b6321c2f0d28\" style=\"color:#122a7e\"><strong>Masz pytania? Skontaktuj si\u0119 z nami:<\/strong><\/p>\n\n\n\n<div class=\"wp-block-media-text is-stacked-on-mobile\" style=\"grid-template-columns:18% auto\"><figure class=\"wp-block-media-text__media\"><img loading=\"lazy\" decoding=\"async\" width=\"351\" height=\"332\" src=\"http:\/\/swiadectwa-energia.pl\/wp-content\/uploads\/2024\/11\/tech-tel-3.jpg\" alt=\"\" class=\"wp-image-99 size-full\" srcset=\"https:\/\/swiadectwa-energia.pl\/wp-content\/uploads\/2024\/11\/tech-tel-3.jpg 351w, https:\/\/swiadectwa-energia.pl\/wp-content\/uploads\/2024\/11\/tech-tel-3-300x284.jpg 300w\" sizes=\"auto, (max-width: 351px) 100vw, 351px\" \/><\/figure><div class=\"wp-block-media-text__content\">\n<p class=\"has-text-color has-link-color has-large-font-size wp-elements-ca692f77c6787599c54157310d32faaf\" style=\"color:#122a7e\">tel. <strong>668 976 194<\/strong><\/p>\n<\/div><\/div>\n\n\n\n<div class=\"wp-block-media-text is-stacked-on-mobile\" style=\"grid-template-columns:17% auto\"><figure class=\"wp-block-media-text__media\"><img loading=\"lazy\" decoding=\"async\" width=\"282\" height=\"309\" src=\"http:\/\/swiadectwa-energia.pl\/wp-content\/uploads\/2024\/11\/technology-mail-1.png\" alt=\"\" class=\"wp-image-100 size-full\" srcset=\"https:\/\/swiadectwa-energia.pl\/wp-content\/uploads\/2024\/11\/technology-mail-1.png 282w, https:\/\/swiadectwa-energia.pl\/wp-content\/uploads\/2024\/11\/technology-mail-1-274x300.png 274w\" sizes=\"auto, (max-width: 282px) 100vw, 282px\" \/><\/figure><div class=\"wp-block-media-text__content\">\n<p class=\"has-text-color has-link-color has-medium-font-size wp-elements-99024197989400396a81b43c52747ee1\" style=\"color:#122a7e\">e- mail: <strong>swiadectwa.energia@gmail.com<\/strong><\/p>\n<\/div><\/div>\n\n\n\n<div class=\"wp-block-contact-form-7-contact-form-selector\">\n<div class=\"wpcf7 no-js\" id=\"wpcf7-f102-o1\" lang=\"pl-PL\" dir=\"ltr\" data-wpcf7-id=\"102\">\n<div class=\"screen-reader-response\"><p role=\"status\" aria-live=\"polite\" aria-atomic=\"true\"><\/p> <ul><\/ul><\/div>\n<form action=\"\/index.php\/wp-json\/wp\/v2\/pages\/80#wpcf7-f102-o1\" method=\"post\" class=\"wpcf7-form init\" aria-label=\"Formularz kontaktowy\" novalidate=\"novalidate\" data-status=\"init\">\n<div style=\"display: none;\">\n<input type=\"hidden\" name=\"_wpcf7\" value=\"102\" \/>\n<input type=\"hidden\" name=\"_wpcf7_version\" value=\"6.0\" \/>\n<input type=\"hidden\" name=\"_wpcf7_locale\" value=\"pl_PL\" \/>\n<input type=\"hidden\" name=\"_wpcf7_unit_tag\" value=\"wpcf7-f102-o1\" \/>\n<input type=\"hidden\" name=\"_wpcf7_container_post\" value=\"0\" \/>\n<input type=\"hidden\" name=\"_wpcf7_posted_data_hash\" value=\"\" \/>\n<\/div>\n<p><label> Twoje imi\u0119 i nazwisko<br \/>\n<span class=\"wpcf7-form-control-wrap\" data-name=\"your-name\"><input size=\"40\" maxlength=\"400\" class=\"wpcf7-form-control wpcf7-text wpcf7-validates-as-required\" autocomplete=\"name\" aria-required=\"true\" aria-invalid=\"false\" value=\"\" type=\"text\" name=\"your-name\" \/><\/span> <\/label>\n<\/p>\n<p><label> Tw\u00f3j adres e-mail<br \/>\n<span class=\"wpcf7-form-control-wrap\" data-name=\"your-email\"><input size=\"40\" maxlength=\"400\" class=\"wpcf7-form-control wpcf7-email wpcf7-validates-as-required wpcf7-text wpcf7-validates-as-email\" autocomplete=\"email\" aria-required=\"true\" aria-invalid=\"false\" value=\"\" type=\"email\" name=\"your-email\" \/><\/span> <\/label>\n<\/p>\n<p><label> Temat<br \/>\n<span class=\"wpcf7-form-control-wrap\" data-name=\"your-subject\"><input size=\"40\" maxlength=\"400\" class=\"wpcf7-form-control wpcf7-text wpcf7-validates-as-required\" aria-required=\"true\" aria-invalid=\"false\" value=\"\" type=\"text\" name=\"your-subject\" \/><\/span> <\/label>\n<\/p>\n<p><label> Twoja wiadomo\u015bci (opcjonalne)<br \/>\n<span class=\"wpcf7-form-control-wrap\" data-name=\"your-message\"><textarea cols=\"40\" rows=\"10\" maxlength=\"2000\" class=\"wpcf7-form-control wpcf7-textarea\" aria-invalid=\"false\" name=\"your-message\"><\/textarea><\/span> <\/label>\n<\/p>\n<p><span class=\"wpcf7-form-control-wrap\" data-name=\"quiz-212\"><label><span class=\"wpcf7-quiz-label\">Stolica Polski?<\/span> <input size=\"40\" class=\"wpcf7-form-control wpcf7-quiz\" autocomplete=\"off\" aria-required=\"true\" aria-invalid=\"false\" type=\"text\" name=\"quiz-212\" \/><\/label><input type=\"hidden\" name=\"_wpcf7_quiz_answer_quiz-212\" value=\"26e28c4f60fdd146e4aebc1b80eef6ce\" \/><\/span>\n<\/p>\n<p><input class=\"wpcf7-form-control wpcf7-submit has-spinner\" type=\"submit\" value=\"Wy\u015blij\" \/>\n<\/p><div class=\"wpcf7-response-output\" aria-hidden=\"true\"><\/div>\n<\/form>\n<\/div>\n<\/div>\n","protected":false},"excerpt":{"rendered":"<p>Nasz zesp\u00f3\u0142 Jeste\u015bmy interdyscyplinarnym zespo\u0142em z\u0142o\u017conym z profesjonalist\u00f3w, absolwent\u00f3w Politechniki Pozna\u0144skiej, kt\u00f3rzy od lat dziel\u0105 si\u0119 z Pa\u0144stwem wiedz\u0105 i do\u015bwiadczeniem. Od 2018 roku posiadamy uprawnienia do sporz\u0105dzania \u015bwiadectw charakterystyki energetycznej, jeste\u015bmy audytorami ZAE, w swoim sk\u0142adzie posiadamy r\u00f3wnie\u017c mi\u0119dzynarodowych audytor\u00f3w system\u00f3w zarz\u0105dzania jako\u015bci\u0105. Masz pytania? Skontaktuj si\u0119 z nami: tel. 668 976 194 e- [&hellip;]<\/p>\n","protected":false},"author":1,"featured_media":0,"parent":0,"menu_order":0,"comment_status":"closed","ping_status":"closed","template":"","meta":{"footnotes":""},"class_list":["post-80","page","type-page","status-publish","hentry"],"blocksy_meta":{"disable_header":"no","styles_descriptor":{"styles":{"desktop":"","tablet":"","mobile":""},"google_fonts":[],"version":6}},"_links":{"self":[{"href":"https:\/\/swiadectwa-energia.pl\/index.php\/wp-json\/wp\/v2\/pages\/80","targetHints":{"allow":["GET"]}}],"collection":[{"href":"https:\/\/swiadectwa-energia.pl\/index.php\/wp-json\/wp\/v2\/pages"}],"about":[{"href":"https:\/\/swiadectwa-energia.pl\/index.php\/wp-json\/wp\/v2\/types\/page"}],"author":[{"embeddable":true,"href":"https:\/\/swiadectwa-energia.pl\/index.php\/wp-json\/wp\/v2\/users\/1"}],"replies":[{"embeddable":true,"href":"https:\/\/swiadectwa-energia.pl\/index.php\/wp-json\/wp\/v2\/comments?post=80"}],"version-history":[{"count":25,"href":"https:\/\/swiadectwa-energia.pl\/index.php\/wp-json\/wp\/v2\/pages\/80\/revisions"}],"predecessor-version":[{"id":315,"href":"https:\/\/swiadectwa-energia.pl\/index.php\/wp-json\/wp\/v2\/pages\/80\/revisions\/315"}],"wp:attachment":[{"href":"https:\/\/swiadectwa-energia.pl\/index.php\/wp-json\/wp\/v2\/media?parent=80"}],"curies":[{"name":"wp","href":"https:\/\/api.w.org\/{rel}","templated":true}]}}